{"id":286,"date":"2020-12-03T21:50:53","date_gmt":"2020-12-03T21:50:53","guid":{"rendered":"https:\/\/andydisenoweb.com.mx\/banderaspropertyweb\/?page_id=286"},"modified":"2021-03-02T17:22:31","modified_gmt":"2021-03-02T17:22:31","slug":"aviso-de-confidencialidad","status":"publish","type":"page","link":"https:\/\/banderasproperty.com\/en\/aviso-de-confidencialidad\/","title":{"rendered":"Aviso de confidencialidad"},"content":{"rendered":"\n<p>Este mensaje se dirige \u00fanica y exclusivamente a su destinatario ya que contiene informaci\u00f3n CONFIDENCIAL y PRIVILEGIADA y cuya divulgaci\u00f3n est\u00e1 estrictamente prohibida. Si ha recibido este mensaje por error, debe saber que su lectura, copia y uso est\u00e1n prohibidos. Le sugerimos que nos lo comunique inmediatamente por esta misma v\u00eda o por tel\u00e9fono y proceda a su destrucci\u00f3n, en caso de hacer caso omiso al presente aviso de confidencialidad podr\u00e1 ser sujeto a Responsabilidad Civil, sin perjuicio de las sanciones penales a las que podr\u00eda hacerse acreedor de acuerdo a los art\u00edculos 210, 211 y 211 Bis, del C\u00f3digo Penal Federal.<\/p>\n\n\n\n<p>NOTICE OF CONFIDENTIALITY<br>This message is addressed solely and exclusively to the recipient as it contains CONFIDENTIAL and PRIVILEGED information, its disclosure is strictly forbidden. If you have received this message in error, you should know that its reading, copying and use are forbidden. Please advise the sender immediately by replying to this e-mail or by means of a telephone call. In case of disregard of this confidentiality notice, you may be subject to Civil Liability, without prejudice to the penal sanctions that could be made pursuant articles 210, 211 and 211 Bis of the Federal Penal Code.<\/p>\n\n\n\n<p><\/p>\n\n\n\n<p><\/p>\n\n\n\n<p><\/p>\n","protected":false},"excerpt":{"rendered":"<p>Este mensaje se dirige \u00fanica y exclusivamente a su destinatario ya que contiene informaci\u00f3n CONFIDENCIAL y PRIVILEGIADA y cuya divulgaci\u00f3n est\u00e1 estrictamente prohibida. Si ha recibido este mensaje por error, debe saber que su lectura, copia y uso est\u00e1n prohibidos. Le sugerimos que nos lo comunique inmediatamente por esta misma v\u00eda o por tel\u00e9fono y [&hellip;]<\/p>\n","protected":false},"author":1,"featured_media":0,"parent":0,"menu_order":0,"comment_status":"closed","ping_status":"closed","template":"","meta":[],"_links":{"self":[{"href":"https:\/\/banderasproperty.com\/en\/wp-json\/wp\/v2\/pages\/286"}],"collection":[{"href":"https:\/\/banderasproperty.com\/en\/wp-json\/wp\/v2\/pages"}],"about":[{"href":"https:\/\/banderasproperty.com\/en\/wp-json\/wp\/v2\/types\/page"}],"author":[{"embeddable":true,"href":"https:\/\/banderasproperty.com\/en\/wp-json\/wp\/v2\/users\/1"}],"replies":[{"embeddable":true,"href":"https:\/\/banderasproperty.com\/en\/wp-json\/wp\/v2\/comments?post=286"}],"version-history":[{"count":3,"href":"https:\/\/banderasproperty.com\/en\/wp-json\/wp\/v2\/pages\/286\/revisions"}],"predecessor-version":[{"id":563,"href":"https:\/\/banderasproperty.com\/en\/wp-json\/wp\/v2\/pages\/286\/revisions\/563"}],"wp:attachment":[{"href":"https:\/\/banderasproperty.com\/en\/wp-json\/wp\/v2\/media?parent=286"}],"curies":[{"name":"wp","href":"https:\/\/api.w.org\/{rel}","templated":true}]}}