{"id":42,"date":"2020-10-06T16:30:34","date_gmt":"2020-10-06T16:30:34","guid":{"rendered":"https:\/\/andydisenoweb.com.mx\/banderaspropertyweb\/?page_id=42"},"modified":"2020-12-17T00:35:36","modified_gmt":"2020-12-17T00:35:36","slug":"servicio-de-pago-de-facturas","status":"publish","type":"page","link":"https:\/\/banderasproperty.com\/en\/servicio-de-pago-de-facturas\/","title":{"rendered":"Servicio de pago de facturas"},"content":{"rendered":"<p>[et_pb_section fb_built=&#8221;1&#8243; _builder_version=&#8221;4.6.5&#8243; _module_preset=&#8221;default&#8221;][et_pb_row _builder_version=&#8221;4.6.5&#8243; _module_preset=&#8221;default&#8221; custom_margin=&#8221;-19px|auto||auto||&#8221;][et_pb_column type=&#8221;4_4&#8243; _builder_version=&#8221;4.6.5&#8243; _module_preset=&#8221;default&#8221;][et_pb_text _builder_version=&#8221;4.6.5&#8243; _module_preset=&#8221;default&#8221;]<\/p>\n<h1 style=\"text-align: center;\">Ahorre tiempo y dinero<\/h1>\n<h2 style=\"text-align: center;\">Con nuestro programa de pago de facturas<\/h2>\n<p>[\/et_pb_text][\/et_pb_column][\/et_pb_row][et_pb_row column_structure=&#8221;2_5,3_5&#8243; _builder_version=&#8221;4.6.5&#8243; _module_preset=&#8221;default&#8221;][et_pb_column type=&#8221;2_5&#8243; _builder_version=&#8221;4.6.5&#8243; _module_preset=&#8221;default&#8221;][et_pb_text _builder_version=&#8221;4.6.5&#8243; _module_preset=&#8221;default&#8221;]<\/p>\n<h3 style=\"text-align: center;\">Servicio de Pago de Facturas<\/h3>\n<div class=\"center-icon\" style=\"text-align: center;\"><i class=\"fas fa-receipt circle-icon\"><\/i><\/div>\n<ul>\n<li> R\u00e1pido, f\u00e1cil y conveniente.<\/li>\n<li>Seguro<\/li>\n<li>Economico<\/li>\n<li>Sin tarifas de inicio<\/li>\n<li>Dep\u00f3sito de fondos mediante:<\/li>\n<ul>\n<li>Dep\u00f3sito electr\u00f3nico (Interac-E, en Canad\u00e1);<\/li>\n<li>Cualquier aplicaci\u00f3n de banco m\u00f3vil (en los EE. UU.);<\/li>\n<li>Cheques o transferencia bancaria<\/li>\n<li>Grandes tipos de cambio<\/li>\n<\/ul>\n<li>Terminos y condiciones.<\/li>\n<\/ul>\n<p>[\/et_pb_text][\/et_pb_column][et_pb_column type=&#8221;3_5&#8243; _builder_version=&#8221;4.6.5&#8243; _module_preset=&#8221;default&#8221;][et_pb_text _builder_version=&#8221;4.6.5&#8243; _module_preset=&#8221;default&#8221;]<\/p>\n<p>Creamos este servicio pensando en usted para brindarle la manera m\u00e1s f\u00e1cil de transferir su dinero para pagar sus facturas aqu\u00ed en M\u00e9xico, con las mejores tarifas disponibles. Todo lo que hace es hacer un dep\u00f3sito y nosotros hacemos el resto. Sus fondos ser\u00e1n intercambiados, transferidos a M\u00e9xico y aplicados seg\u00fan sus indicaciones, de manera segura y confiable, con una compa\u00f1\u00eda en la que ya conf\u00eda para administrar su propiedad.<\/p>\n<p>&nbsp;<\/p>\n<p>\u00a0<img loading=\"lazy\" src=\"https:\/\/banderasproperty.com\/wp-content\/uploads\/2020\/10\/d72fa77f91cd5303a8ef9810eb95dc81_bmtg.jpg\" alt=\"\" class=\"wp-image-194 alignnone size-full\" width=\"88\" height=\"108\" \/><br \/>Mandy Wright<br \/>Socio director<br \/>Banderas Property Worldwide LLC<\/p>\n<p>[\/et_pb_text][\/et_pb_column][\/et_pb_row][\/et_pb_section]<\/p>\n","protected":false},"excerpt":{"rendered":"<p>[et_pb_section fb_built=&#8221;1&#8243; _builder_version=&#8221;4.6.5&#8243; _module_preset=&#8221;default&#8221;][et_pb_row _builder_version=&#8221;4.6.5&#8243; _module_preset=&#8221;default&#8221; custom_margin=&#8221;-19px|auto||auto||&#8221;][et_pb_column type=&#8221;4_4&#8243; _builder_version=&#8221;4.6.5&#8243; _module_preset=&#8221;default&#8221;][et_pb_text _builder_version=&#8221;4.6.5&#8243; _module_preset=&#8221;default&#8221;] Ahorre tiempo y dinero Con nuestro programa de pago de facturas [\/et_pb_text][\/et_pb_column][\/et_pb_row][et_pb_row column_structure=&#8221;2_5,3_5&#8243; _builder_version=&#8221;4.6.5&#8243; _module_preset=&#8221;default&#8221;][et_pb_column type=&#8221;2_5&#8243; _builder_version=&#8221;4.6.5&#8243; _module_preset=&#8221;default&#8221;][et_pb_text _builder_version=&#8221;4.6.5&#8243; _module_preset=&#8221;default&#8221;] Servicio de Pago de Facturas R\u00e1pido, f\u00e1cil y conveniente. Seguro Economico Sin tarifas de inicio Dep\u00f3sito de fondos mediante: Dep\u00f3sito electr\u00f3nico (Interac-E, en [&hellip;]<\/p>\n","protected":false},"author":1,"featured_media":0,"parent":0,"menu_order":0,"comment_status":"closed","ping_status":"closed","template":"","meta":[],"_links":{"self":[{"href":"https:\/\/banderasproperty.com\/en\/wp-json\/wp\/v2\/pages\/42"}],"collection":[{"href":"https:\/\/banderasproperty.com\/en\/wp-json\/wp\/v2\/pages"}],"about":[{"href":"https:\/\/banderasproperty.com\/en\/wp-json\/wp\/v2\/types\/page"}],"author":[{"embeddable":true,"href":"https:\/\/banderasproperty.com\/en\/wp-json\/wp\/v2\/users\/1"}],"replies":[{"embeddable":true,"href":"https:\/\/banderasproperty.com\/en\/wp-json\/wp\/v2\/comments?post=42"}],"version-history":[{"count":5,"href":"https:\/\/banderasproperty.com\/en\/wp-json\/wp\/v2\/pages\/42\/revisions"}],"predecessor-version":[{"id":393,"href":"https:\/\/banderasproperty.com\/en\/wp-json\/wp\/v2\/pages\/42\/revisions\/393"}],"wp:attachment":[{"href":"https:\/\/banderasproperty.com\/en\/wp-json\/wp\/v2\/media?parent=42"}],"curies":[{"name":"wp","href":"https:\/\/api.w.org\/{rel}","templated":true}]}}