{"id":12,"date":"2020-10-05T17:41:21","date_gmt":"2020-10-05T17:41:21","guid":{"rendered":"https:\/\/andydisenoweb.com.mx\/banderaspropertyweb\/?page_id=12"},"modified":"2021-01-21T03:25:52","modified_gmt":"2021-01-21T03:25:52","slug":"servicios","status":"publish","type":"page","link":"https:\/\/banderasproperty.com\/es\/servicios\/","title":{"rendered":"Servicios"},"content":{"rendered":"<p>[et_pb_section fb_built=&#8221;1&#8243; fullwidth=&#8221;on&#8221; _builder_version=&#8221;4.6.5&#8243; _module_preset=&#8221;default&#8221; width=&#8221;100%&#8221; max_width=&#8221;100%&#8221; module_alignment=&#8221;center&#8221; locked=&#8221;off&#8221;][et_pb_fullwidth_header title=&#8221;Servicios&#8221; _builder_version=&#8221;4.6.5&#8243; _module_preset=&#8221;default&#8221; custom_padding=&#8221;||18px|||&#8221;][\/et_pb_fullwidth_header][\/et_pb_section][et_pb_section fb_built=&#8221;1&#8243; _builder_version=&#8221;4.6.5&#8243; _module_preset=&#8221;default&#8221; top_divider_style=&#8221;wave&#8221; top_divider_color=&#8221;#2ea3f2&#8243; top_divider_height=&#8221;56px&#8221; locked=&#8221;off&#8221;][et_pb_row column_structure=&#8221;1_2,1_2&#8243; _builder_version=&#8221;4.6.5&#8243; _module_preset=&#8221;default&#8221;][et_pb_column type=&#8221;1_2&#8243; _builder_version=&#8221;4.6.5&#8243; _module_preset=&#8221;default&#8221;][et_pb_text _builder_version=&#8221;4.6.5&#8243; _module_preset=&#8221;default&#8221; animation_style=&#8221;fade&#8221; hover_enabled=&#8221;0&#8243; sticky_enabled=&#8221;0&#8243;]<\/p>\n<h3 style=\"text-align: center;\">Administraci\u00f3n de Asociaci\u00f3n<\/h3>\n<div class=\"center-icon\" style=\"text-align: center;\"><i class=\"fas fa-users circle-icon\" aria-hidden=\"true\"><\/i><\/div>\n<ul>\n<li>Brindar el m\u00e1s alto nivel de servicios de administraci\u00f3n de propiedades para su asociaci\u00f3n.<\/li>\n<li>Aliviar a los propietarios de la carga de gestionar y administrar la asociaci\u00f3n.<\/li>\n<li>Asumir la responsabilidad de mantener el edificio y los terrenos.<\/li>\n<li>Construir una relaci\u00f3n a largo plazo basada en el profesionalismo, la comunicaci\u00f3n, la integridad y la confianza.<\/li>\n<li>Agregue valor a su inversi\u00f3n.<\/li>\n<\/ul>\n<p>[\/et_pb_text][\/et_pb_column][et_pb_column type=&#8221;1_2&#8243; _builder_version=&#8221;4.6.5&#8243; _module_preset=&#8221;default&#8221;][et_pb_text _builder_version=&#8221;4.6.5&#8243; _module_preset=&#8221;default&#8221; animation_style=&#8221;fade&#8221; animation_delay=&#8221;1000ms&#8221;]<\/p>\n<h3 style=\"text-align: center;\">Administraci\u00f3n de Propiedad<\/h3>\n<div class=\"center-icon\" style=\"text-align: center;\"><i class=\"fas fa-map-marked-alt circle-icon\" aria-hidden=\"true\"><\/i><\/div>\n<p>Su propiedad es una inversi\u00f3n muy importante. Gestionar y hacer crecer una inversi\u00f3n de este tama\u00f1o requiere mucho tiempo y experiencia. Brindamos servicios de administraci\u00f3n de propiedades expertos y profesionales para su hogar o condominio a trav\u00e9s de Banderas Property Worldwide.<\/p>\n<p>[\/et_pb_text][\/et_pb_column][\/et_pb_row][\/et_pb_section]<\/p>","protected":false},"excerpt":{"rendered":"<p>[et_pb_section fb_built=&#8221;1&#8243; fullwidth=&#8221;on&#8221; _builder_version=&#8221;4.6.5&#8243; _module_preset=&#8221;default&#8221; width=&#8221;100%&#8221; max_width=&#8221;100%&#8221; module_alignment=&#8221;center&#8221; locked=&#8221;off&#8221;][et_pb_fullwidth_header title=&#8221;Servicios&#8221; _builder_version=&#8221;4.6.5&#8243; _module_preset=&#8221;default&#8221; custom_padding=&#8221;||18px|||&#8221;][\/et_pb_fullwidth_header][\/et_pb_section][et_pb_section fb_built=&#8221;1&#8243; _builder_version=&#8221;4.6.5&#8243; _module_preset=&#8221;default&#8221; top_divider_style=&#8221;wave&#8221; top_divider_color=&#8221;#2ea3f2&#8243; top_divider_height=&#8221;56px&#8221; locked=&#8221;off&#8221;][et_pb_row column_structure=&#8221;1_2,1_2&#8243; _builder_version=&#8221;4.6.5&#8243; _module_preset=&#8221;default&#8221;][et_pb_column type=&#8221;1_2&#8243; _builder_version=&#8221;4.6.5&#8243; _module_preset=&#8221;default&#8221;][et_pb_text _builder_version=&#8221;4.6.5&#8243; _module_preset=&#8221;default&#8221; animation_style=&#8221;fade&#8221; hover_enabled=&#8221;0&#8243; sticky_enabled=&#8221;0&#8243;] Administraci\u00f3n de Asociaci\u00f3n Brindar el m\u00e1s alto nivel de servicios de administraci\u00f3n de propiedades para su asociaci\u00f3n. Aliviar a los propietarios de la carga [&hellip;]<\/p>","protected":false},"author":1,"featured_media":0,"parent":0,"menu_order":0,"comment_status":"closed","ping_status":"closed","template":"","meta":[],"_links":{"self":[{"href":"https:\/\/banderasproperty.com\/es\/wp-json\/wp\/v2\/pages\/12"}],"collection":[{"href":"https:\/\/banderasproperty.com\/es\/wp-json\/wp\/v2\/pages"}],"about":[{"href":"https:\/\/banderasproperty.com\/es\/wp-json\/wp\/v2\/types\/page"}],"author":[{"embeddable":true,"href":"https:\/\/banderasproperty.com\/es\/wp-json\/wp\/v2\/users\/1"}],"replies":[{"embeddable":true,"href":"https:\/\/banderasproperty.com\/es\/wp-json\/wp\/v2\/comments?post=12"}],"version-history":[{"count":6,"href":"https:\/\/banderasproperty.com\/es\/wp-json\/wp\/v2\/pages\/12\/revisions"}],"predecessor-version":[{"id":518,"href":"https:\/\/banderasproperty.com\/es\/wp-json\/wp\/v2\/pages\/12\/revisions\/518"}],"wp:attachment":[{"href":"https:\/\/banderasproperty.com\/es\/wp-json\/wp\/v2\/media?parent=12"}],"curies":[{"name":"wp","href":"https:\/\/api.w.org\/{rel}","templated":true}]}}