{"id":14,"date":"2020-10-05T17:42:27","date_gmt":"2020-10-05T17:42:27","guid":{"rendered":"https:\/\/andydisenoweb.com.mx\/banderaspropertyweb\/?page_id=14"},"modified":"2022-06-08T14:14:32","modified_gmt":"2022-06-08T14:14:32","slug":"nosotros-3","status":"publish","type":"page","link":"https:\/\/banderasproperty.com\/es\/nosotros-3\/","title":{"rendered":"Nosotros"},"content":{"rendered":"<p>[et_pb_section fb_built=&#8221;1&#8243; fullwidth=&#8221;on&#8221; _builder_version=&#8221;4.6.5&#8243; _module_preset=&#8221;default&#8221;][et_pb_fullwidth_header title=&#8221;NUESTRO EQUIPO DE TRABAJO&#8221; text_orientation=&#8221;center&#8221; _builder_version=&#8221;4.6.5&#8243; _module_preset=&#8221;default&#8221; title_font_size=&#8221;37px&#8221; title_line_height=&#8221;1.7em&#8221; content_font_size=&#8221;21px&#8221; use_background_color_gradient=&#8221;on&#8221; background_image=&#8221;https:\/\/banderasproperty.com\/wp-content\/uploads\/2020\/12\/GRUPAL-2-scaled.jpg&#8221; background_blend=&#8221;overlay&#8221; custom_padding=&#8221;||50px|||&#8221; hover_enabled=&#8221;0&#8243; title_text_shadow_style=&#8221;preset1&#8243; title_text_shadow_horizontal_length=&#8221;0.07em&#8221; title_text_shadow_vertical_length=&#8221;0.09em&#8221; title_text_shadow_blur_strength=&#8221;0.05em&#8221; content_text_shadow_style=&#8221;preset1&#8243; box_shadow_style=&#8221;preset6&#8243; background_color_gradient_start=&#8221;#000000&#8243; background_color_gradient_end=&#8221;rgba(0,0,0,0)&#8221; sticky_enabled=&#8221;0&#8243;]<\/p>\n<p><span>Contamos con un gran equipo de profesionales altamente capacitados y debidamente certificados con experiencia comprobada para cumplir con las expectativas de nuestros clientes<\/span><\/p>\n<p>[\/et_pb_fullwidth_header][\/et_pb_section][et_pb_section fb_built=&#8221;1&#8243; _builder_version=&#8221;4.6.5&#8243; _module_preset=&#8221;default&#8221;][et_pb_row column_structure=&#8221;1_2,1_2&#8243; make_equal=&#8221;on&#8221; _builder_version=&#8221;4.6.5&#8243; _module_preset=&#8221;default&#8221; animation_style=&#8221;slide&#8221; animation_direction=&#8221;right&#8221; animation_delay=&#8221;200ms&#8221;][et_pb_column type=&#8221;1_2&#8243; _builder_version=&#8221;4.6.5&#8243; _module_preset=&#8221;default&#8221;][et_pb_image src=&#8221;https:\/\/banderasproperty.com\/wp-content\/uploads\/2020\/12\/DIRECTOR-GENERAL.jpg&#8221; title_text=&#8221;DIRECTOR GENERAL&#8221; _builder_version=&#8221;4.6.5&#8243; _module_preset=&#8221;default&#8221;][\/et_pb_image][\/et_pb_column][et_pb_column type=&#8221;1_2&#8243; _builder_version=&#8221;4.6.5&#8243; _module_preset=&#8221;default&#8221;][et_pb_text _builder_version=&#8221;4.6.5&#8243; _module_preset=&#8221;default&#8221;]<\/p>\n<h2>DIRECTOR GENERAL<\/h2>\n<p>Antonio Bernal P\u00e9rez, Fundador y Director General, tiene m\u00e1s de 16 a\u00f1os de experiencia en la gesti\u00f3n de asociaciones de condominios. Comenz\u00f3 la empresa en 2008 con un objetivo en mente, &#8220;superar las expectativas del cliente&#8221; y cree que mantener las relaciones es tan importante como construirlas y que la clave de cualquier buena relaci\u00f3n es un excelente servicio y comunicaci\u00f3n. El Sr. P\u00e9rez se gradu\u00f3 de Central Sindical de Estudios Superiores CTM, con una licenciatura de cuatro a\u00f1os en Administraci\u00f3n de Empresas.<\/p>\n<p>[\/et_pb_text][\/et_pb_column][\/et_pb_row][et_pb_row _builder_version=&#8221;4.6.5&#8243; _module_preset=&#8221;default&#8221; locked=&#8221;off&#8221;][et_pb_column _builder_version=&#8221;4.6.5&#8243; _module_preset=&#8221;default&#8221; type=&#8221;4_4&#8243;][et_pb_text _builder_version=&#8221;4.6.5&#8243; _module_preset=&#8221;default&#8221; hover_enabled=&#8221;0&#8243; sticky_enabled=&#8221;0&#8243;]<\/p>\n<p>Banderas Property Management es apoyado por un equipo de contadores altamente calificados, especialistas en mantenimiento y personal administrativo, trabajando juntos para brindar a nuestras asociaciones el mejor servicio posible<\/p>\n<p>[\/et_pb_text][\/et_pb_column][\/et_pb_row][et_pb_row column_structure=&#8221;1_2,1_2&#8243; make_equal=&#8221;on&#8221; _builder_version=&#8221;4.6.5&#8243; _module_preset=&#8221;default&#8221; animation_style=&#8221;slide&#8221; animation_direction=&#8221;left&#8221; animation_delay=&#8221;500ms&#8221;][et_pb_column type=&#8221;1_2&#8243; _builder_version=&#8221;4.6.5&#8243; _module_preset=&#8221;default&#8221;][et_pb_text _builder_version=&#8221;4.6.5&#8243; _module_preset=&#8221;default&#8221;]<\/p>\n<h2>CONTABLE<\/h2>\n<p>&nbsp;<\/p>\n<p>[\/et_pb_text][\/et_pb_column][et_pb_column type=&#8221;1_2&#8243; _builder_version=&#8221;4.6.5&#8243; _module_preset=&#8221;default&#8221;][et_pb_image src=&#8221;https:\/\/banderasproperty.com\/wp-content\/uploads\/2020\/12\/CONTABLE-scaled.jpg&#8221; title_text=&#8221;CONTABLE&#8221; _builder_version=&#8221;4.6.5&#8243; _module_preset=&#8221;default&#8221;][\/et_pb_image][\/et_pb_column][\/et_pb_row][et_pb_row column_structure=&#8221;1_2,1_2&#8243; make_equal=&#8221;on&#8221; _builder_version=&#8221;4.6.5&#8243; _module_preset=&#8221;default&#8221; animation_style=&#8221;slide&#8221; animation_direction=&#8221;right&#8221; animation_delay=&#8221;500ms&#8221;][et_pb_column type=&#8221;1_2&#8243; _builder_version=&#8221;4.6.5&#8243; _module_preset=&#8221;default&#8221;][et_pb_image src=&#8221;https:\/\/banderasproperty.com\/wp-content\/uploads\/2020\/12\/ADMINISTRATIVO-scaled.jpg&#8221; title_text=&#8221;ADMINISTRATIVO&#8221; _builder_version=&#8221;4.6.5&#8243; _module_preset=&#8221;default&#8221;][\/et_pb_image][\/et_pb_column][et_pb_column type=&#8221;1_2&#8243; _builder_version=&#8221;4.6.5&#8243; _module_preset=&#8221;default&#8221;][et_pb_text _builder_version=&#8221;4.6.5&#8243; _module_preset=&#8221;default&#8221;]<\/p>\n<h2>ADMINISTRATIVO<\/h2>\n<p>&nbsp;<\/p>\n<p>[\/et_pb_text][\/et_pb_column][\/et_pb_row][et_pb_row column_structure=&#8221;1_2,1_2&#8243; make_equal=&#8221;on&#8221; _builder_version=&#8221;4.6.5&#8243; _module_preset=&#8221;default&#8221; animation_style=&#8221;slide&#8221; animation_direction=&#8221;left&#8221; animation_delay=&#8221;500ms&#8221;][et_pb_column type=&#8221;1_2&#8243; _builder_version=&#8221;4.6.5&#8243; _module_preset=&#8221;default&#8221;][et_pb_text _builder_version=&#8221;4.6.5&#8243; _module_preset=&#8221;default&#8221;]<\/p>\n<h2>OPERATIVO<\/h2>\n<p>&nbsp;<\/p>\n<p>[\/et_pb_text][\/et_pb_column][et_pb_column type=&#8221;1_2&#8243; _builder_version=&#8221;4.6.5&#8243; _module_preset=&#8221;default&#8221;][et_pb_image src=&#8221;https:\/\/banderasproperty.com\/wp-content\/uploads\/2020\/12\/OPERATIVO-scaled.jpg&#8221; title_text=&#8221;OPERATIVO&#8221; _builder_version=&#8221;4.6.5&#8243; _module_preset=&#8221;default&#8221;][\/et_pb_image][\/et_pb_column][\/et_pb_row][et_pb_row column_structure=&#8221;1_2,1_2&#8243; make_equal=&#8221;on&#8221; _builder_version=&#8221;4.6.5&#8243; _module_preset=&#8221;default&#8221; animation_style=&#8221;slide&#8221; animation_direction=&#8221;right&#8221; animation_delay=&#8221;500ms&#8221;][et_pb_column type=&#8221;1_2&#8243; _builder_version=&#8221;4.6.5&#8243; _module_preset=&#8221;default&#8221;][et_pb_image src=&#8221;https:\/\/banderasproperty.com\/wp-content\/uploads\/2020\/12\/COMPRAS-Y-MANTENIMIENTO.jpg&#8221; title_text=&#8221;COMPRAS Y MANTENIMIENTO&#8221; _builder_version=&#8221;4.6.5&#8243; _module_preset=&#8221;default&#8221;][\/et_pb_image][\/et_pb_column][et_pb_column type=&#8221;1_2&#8243; _builder_version=&#8221;4.6.5&#8243; _module_preset=&#8221;default&#8221;][et_pb_text _builder_version=&#8221;4.6.5&#8243; _module_preset=&#8221;default&#8221;]<\/p>\n<h2>COMPRAS Y MANTENIMIENTO<\/h2>\n<p>&nbsp;<\/p>\n<p>[\/et_pb_text][\/et_pb_column][\/et_pb_row][\/et_pb_section]<\/p>","protected":false},"excerpt":{"rendered":"<p>[et_pb_section fb_built=&#8221;1&#8243; fullwidth=&#8221;on&#8221; _builder_version=&#8221;4.6.5&#8243; _module_preset=&#8221;default&#8221;][et_pb_fullwidth_header title=&#8221;NUESTRO EQUIPO DE TRABAJO&#8221; text_orientation=&#8221;center&#8221; _builder_version=&#8221;4.6.5&#8243; _module_preset=&#8221;default&#8221; title_font_size=&#8221;37px&#8221; title_line_height=&#8221;1.7em&#8221; content_font_size=&#8221;21px&#8221; use_background_color_gradient=&#8221;on&#8221; background_image=&#8221;https:\/\/banderasproperty.com\/wp-content\/uploads\/2020\/12\/GRUPAL-2-scaled.jpg&#8221; background_blend=&#8221;overlay&#8221; custom_padding=&#8221;||50px|||&#8221; hover_enabled=&#8221;0&#8243; title_text_shadow_style=&#8221;preset1&#8243; title_text_shadow_horizontal_length=&#8221;0.07em&#8221; title_text_shadow_vertical_length=&#8221;0.09em&#8221; title_text_shadow_blur_strength=&#8221;0.05em&#8221; content_text_shadow_style=&#8221;preset1&#8243; box_shadow_style=&#8221;preset6&#8243; background_color_gradient_start=&#8221;#000000&#8243; background_color_gradient_end=&#8221;rgba(0,0,0,0)&#8221; sticky_enabled=&#8221;0&#8243;] Contamos con un gran equipo de profesionales altamente capacitados y debidamente certificados con experiencia comprobada para cumplir con las expectativas de nuestros clientes [\/et_pb_fullwidth_header][\/et_pb_section][et_pb_section fb_built=&#8221;1&#8243; _builder_version=&#8221;4.6.5&#8243; [&hellip;]<\/p>","protected":false},"author":1,"featured_media":0,"parent":0,"menu_order":0,"comment_status":"closed","ping_status":"closed","template":"","meta":[],"_links":{"self":[{"href":"https:\/\/banderasproperty.com\/es\/wp-json\/wp\/v2\/pages\/14"}],"collection":[{"href":"https:\/\/banderasproperty.com\/es\/wp-json\/wp\/v2\/pages"}],"about":[{"href":"https:\/\/banderasproperty.com\/es\/wp-json\/wp\/v2\/types\/page"}],"author":[{"embeddable":true,"href":"https:\/\/banderasproperty.com\/es\/wp-json\/wp\/v2\/users\/1"}],"replies":[{"embeddable":true,"href":"https:\/\/banderasproperty.com\/es\/wp-json\/wp\/v2\/comments?post=14"}],"version-history":[{"count":11,"href":"https:\/\/banderasproperty.com\/es\/wp-json\/wp\/v2\/pages\/14\/revisions"}],"predecessor-version":[{"id":511,"href":"https:\/\/banderasproperty.com\/es\/wp-json\/wp\/v2\/pages\/14\/revisions\/511"}],"wp:attachment":[{"href":"https:\/\/banderasproperty.com\/es\/wp-json\/wp\/v2\/media?parent=14"}],"curies":[{"name":"wp","href":"https:\/\/api.w.org\/{rel}","templated":true}]}}