{"id":326,"date":"2020-12-03T23:11:35","date_gmt":"2020-12-03T23:11:35","guid":{"rendered":"https:\/\/andydisenoweb.com.mx\/banderaspropertyweb\/?page_id=326"},"modified":"2022-06-08T14:12:44","modified_gmt":"2022-06-08T14:12:44","slug":"inicio-3","status":"publish","type":"page","link":"https:\/\/banderasproperty.com\/es\/inicio-3\/","title":{"rendered":"Inicio"},"content":{"rendered":"<p>[et_pb_section fb_built=&#8221;1&#8243; fullwidth=&#8221;on&#8221; _builder_version=&#8221;4.6.5&#8243; _module_preset=&#8221;default&#8221;][et_pb_fullwidth_code _builder_version=&#8221;4.6.5&#8243; _module_preset=&#8221;default&#8221;][rev_slider alias=&#8221;slider-1&#8243;][\/rev_slider][\/et_pb_fullwidth_code][\/et_pb_section][et_pb_section fb_built=&#8221;1&#8243; _builder_version=&#8221;4.6.5&#8243; _module_preset=&#8221;default&#8221;][et_pb_row _builder_version=&#8221;4.6.5&#8243; _module_preset=&#8221;default&#8221;][et_pb_column type=&#8221;4_4&#8243; _builder_version=&#8221;4.6.5&#8243; _module_preset=&#8221;default&#8221;][et_pb_text _builder_version=&#8221;4.6.5&#8243; _module_preset=&#8221;default&#8221;]<\/p>\n<h2>Administradora Banderas Property Management, se especializa en la administracion de las asociaciones de condominios que ofrecen servicios profesionales completos a las asociaciones de due\u00f1o de una casa.<\/h2>\n<p>[\/et_pb_text][\/et_pb_column][\/et_pb_row][et_pb_row column_structure=&#8221;1_2,1_2&#8243; _builder_version=&#8221;4.6.5&#8243; _module_preset=&#8221;default&#8221;][et_pb_column type=&#8221;1_2&#8243; _builder_version=&#8221;4.6.5&#8243; _module_preset=&#8221;default&#8221;][et_pb_text _builder_version=&#8221;4.6.5&#8243; _module_preset=&#8221;default&#8221;]<\/p>\n<h3 style=\"text-align: center;\">Nuestra Promesa<\/h3>\n<ul>\n<li>Profesionalismo y completa satisfacci\u00f3n<\/li>\n<li>Soluci\u00f3n de problemas r\u00e1pidamente de la mejor manera<\/li>\n<li>Mantener una circulaci\u00f3n firme y abierta de la comunicaci\u00f3n<\/li>\n<li>Dirigir su propiedad como si fuera de nosotros<\/li>\n<li>Administrar su dinero de manera cuidadosa como si fuera de nosotros<\/li>\n<li>Estamos apegados a las reglas y regulaciones que marcan las leyes<\/li>\n<li>Inmediata respuesta a sus correos electr\u00f3nicos y llamadas telef\u00f3nicas<\/li>\n<\/ul>\n<p>[\/et_pb_text][\/et_pb_column][et_pb_column type=&#8221;1_2&#8243; _builder_version=&#8221;4.6.5&#8243; _module_preset=&#8221;default&#8221;][et_pb_text _builder_version=&#8221;4.6.5&#8243; _module_preset=&#8221;default&#8221;]<\/p>\n<h2 style=\"text-align: center;\">Filosofia<\/h2>\n<p>Su condominio es sin duda una de las inversiones m\u00e1s importantes que usted alguna vez har\u00e1. Dirigir y desarrollar una inversi\u00f3n de este tama\u00f1o tan importante requiere de tiempo y experiencia.<\/p>\n<p>En Banderas Property Management (Administraci\u00f3n de Propiedades),&nbsp; proporcionamos servicios de administraci\u00f3n y direcci\u00f3n profesional, pero lo que nosotros realmente ofrecemos es seguridad: la seguridad que su inversi\u00f3n ser\u00e1 cuidada apropiadamente, la seguridad que los o sus problemas ser\u00e1n atendidos inmediatamente, la seguridad que cuando usted venda su propiedad esta no est\u00e9 subvalorada por falta de una apropiada administraci\u00f3n.&nbsp;<\/p>\n<p>&nbsp;<\/p>\n<p>[\/et_pb_text][\/et_pb_column][\/et_pb_row][\/et_pb_section][et_pb_section fb_built=&#8221;1&#8243; fullwidth=&#8221;on&#8221; _builder_version=&#8221;4.6.5&#8243; _module_preset=&#8221;default&#8221; width=&#8221;100%&#8221; max_width=&#8221;100%&#8221; module_alignment=&#8221;center&#8221;][et_pb_fullwidth_header title=&#8221;Servicios&#8221; _builder_version=&#8221;4.6.5&#8243; _module_preset=&#8221;default&#8221; custom_padding=&#8221;||18px|||&#8221;][\/et_pb_fullwidth_header][\/et_pb_section][et_pb_section fb_built=&#8221;1&#8243; _builder_version=&#8221;4.6.5&#8243; _module_preset=&#8221;default&#8221; top_divider_style=&#8221;wave&#8221; top_divider_color=&#8221;#2ea3f2&#8243; top_divider_height=&#8221;56px&#8221;][et_pb_row column_structure=&#8221;1_2,1_2&#8243; _builder_version=&#8221;4.6.5&#8243; _module_preset=&#8221;default&#8221;][et_pb_column type=&#8221;1_2&#8243; _builder_version=&#8221;4.6.5&#8243; _module_preset=&#8221;default&#8221;][et_pb_text _builder_version=&#8221;4.6.5&#8243; _module_preset=&#8221;default&#8221;]<\/p>\n<h3 style=\"text-align: center;\">Administraci\u00f3n de Asociaciones<\/h3>\n<p>&nbsp;<\/p>\n<div class=\"center-icon\" style=\"text-align: center;\"><i class=\"fas fa-users circle-icon\" aria-hidden=\"true\"><\/i><\/div>\n<ul>\n<li>Brindar el m\u00e1s alto nivel de servicios de administraci\u00f3n de propiedades para su asociaci\u00f3n.<\/li>\n<li>Aliviar a los propietarios de la carga de gestionar y administrar la asociaci\u00f3n.<\/li>\n<li>Asumir la responsabilidad de mantener el edificio y los terrenos.<\/li>\n<li>Construir una relaci\u00f3n a largo plazo basada en el profesionalismo, la comunicaci\u00f3n, la integridad y la confianza.<\/li>\n<li>Agregue valor a su inversi\u00f3n.<\/li>\n<\/ul>\n<p>[\/et_pb_text][\/et_pb_column][et_pb_column type=&#8221;1_2&#8243; _builder_version=&#8221;4.6.5&#8243; _module_preset=&#8221;default&#8221;][et_pb_text _builder_version=&#8221;4.6.5&#8243; _module_preset=&#8221;default&#8221;]<\/p>\n<h3 style=\"text-align: center;\">Administraci\u00f3n de Propiedad<\/h3>\n<div class=\"center-icon\" style=\"text-align: center;\"><i class=\"fas fa-map-marked-alt circle-icon\" aria-hidden=\"true\"><\/i><\/div>\n<p style=\"text-align: justify;\">Su propiedad es una inversi\u00f3n muy importante. Gestionar y hacer crecer una inversi\u00f3n de este tama\u00f1o requiere mucho tiempo y experiencia. Brindamos servicios de administraci\u00f3n de propiedades expertos y profesionales para su hogar o condominio a trav\u00e9s de Banderas Property Worldwide.<\/p>\n<p>[\/et_pb_text][\/et_pb_column][\/et_pb_row][\/et_pb_section][et_pb_section fb_built=&#8221;1&#8243; fullwidth=&#8221;on&#8221; _builder_version=&#8221;4.6.5&#8243; _module_preset=&#8221;default&#8221; width=&#8221;100%&#8221; max_width=&#8221;100%&#8221; module_alignment=&#8221;center&#8221;][et_pb_fullwidth_header title=&#8221;Contactanos&#8221; button_one_text=&#8221;Solicita una propuesta&#8221; module_id=&#8221;contact-line&#8221; _builder_version=&#8221;4.6.5&#8243; _module_preset=&#8221;default&#8221; hover_enabled=&#8221;0&#8243; button_one_url=&#8221;https:\/\/banderasproperty.com\/es\/solicitar-una-propuesta\/&#8221; sticky_enabled=&#8221;0&#8243;][\/et_pb_fullwidth_header][\/et_pb_section][et_pb_section fb_built=&#8221;1&#8243; _builder_version=&#8221;4.6.5&#8243; _module_preset=&#8221;default&#8221; top_divider_style=&#8221;waves&#8221; top_divider_color=&#8221;#2ea3f2&#8243; top_divider_height=&#8221;36px&#8221;][et_pb_row column_structure=&#8221;1_3,1_3,1_3&#8243; _builder_version=&#8221;4.6.5&#8243; _module_preset=&#8221;default&#8221;][et_pb_column type=&#8221;1_3&#8243; _builder_version=&#8221;4.6.5&#8243; _module_preset=&#8221;default&#8221;][et_pb_text _builder_version=&#8221;4.6.5&#8243; _module_preset=&#8221;default&#8221; text_font_size=&#8221;20px&#8221; header_3_font_size=&#8221;25px&#8221;]<\/p>\n<h3 style=\"text-align: center;\">E-mail<\/h3>\n<div class=\"center-icon\" style=\"text-align: center;\"><i class=\"far fa-envelope circle-icon\" aria-hidden=\"true\"><\/i><\/div>\n<p style=\"text-align: center;\"><a href=\"mailto:info@banderasproperty.com\">info@banderasproperty.com<\/a><\/p>\n<p>[\/et_pb_text][\/et_pb_column][et_pb_column type=&#8221;1_3&#8243; _builder_version=&#8221;4.6.5&#8243; _module_preset=&#8221;default&#8221;][et_pb_text _builder_version=&#8221;4.6.5&#8243; _module_preset=&#8221;default&#8221; text_font_size=&#8221;20px&#8221; header_3_font_size=&#8221;25px&#8221;]<\/p>\n<h3 style=\"text-align: center;\">Tel\u00e9fono<\/h3>\n<div class=\"center-icon\">\n<p><i class=\"fas fa-phone-alt  circle-icon\" aria-hidden=\"true\"><\/i><\/p>\n<\/div>\n<p style=\"text-align: center;\"><a href=\"tel:3292986263\">329-298-6263<\/a><\/p>\n<p>[\/et_pb_text][\/et_pb_column][et_pb_column type=&#8221;1_3&#8243; _builder_version=&#8221;4.6.5&#8243; _module_preset=&#8221;default&#8221;][et_pb_text _builder_version=&#8221;4.6.5&#8243; _module_preset=&#8221;default&#8221; text_text_color=&#8221;#ffffff&#8221; text_font_size=&#8221;20px&#8221; header_3_font_size=&#8221;25px&#8221; text_orientation=&#8221;center&#8221;]<\/p>\n<h3 style=\"text-align: center;\">Direcci\u00f3n<\/h3>\n<div class=\"center-icon\">\n<p><i class=\"fab fa-telegram-plane circle-icon\" aria-hidden=\"true\"><\/i><\/p>\n<\/div>\n<p style=\"text-align: center;\"><a href=\"https:\/\/goo.gl\/maps\/ktYx9HTyFZisgbrn7\">Av. H\u00e9roes de Nacozari 3, Flamingos, 63732 <\/a><\/p>\n<p>[\/et_pb_text][\/et_pb_column][\/et_pb_row][\/et_pb_section][et_pb_section fb_built=&#8221;1&#8243; fullwidth=&#8221;on&#8221; _builder_version=&#8221;4.6.5&#8243; _module_preset=&#8221;default&#8221;][et_pb_fullwidth_code _builder_version=&#8221;4.6.5&#8243; _module_preset=&#8221;default&#8221;]<\/p>\n<div class=\"map-responsive\"><!-- [et_pb_line_break_holder] -->  <iframe loading=\"lazy\" src=\"https:\/\/www.google.com\/maps\/embed?pb=!1m18!1m12!1m3!1d3730.8408483315748!2d-105.34122128570685!3d20.75724380236919!2m3!1f0!2f0!3f0!3m2!1i1024!2i768!4f13.1!3m3!1m2!1s0x842141ea7eb1356d%3A0x51817aaa9a2ef339!2sBanderas%20Property%20Management!5e0!3m2!1ses-419!2smx!4v1602010560472!5m2!1ses-419!2smx\" width=\"600\" height=\"450\" frameborder=\"0\" style=\"border:0;\" allowfullscreen=\"\" aria-hidden=\"false\" tabindex=\"0\"><\/iframe><!-- [et_pb_line_break_holder] -->  <!-- [et_pb_line_break_holder] --><\/div>\n<p>[\/et_pb_fullwidth_code][\/et_pb_section]<\/p>","protected":false},"excerpt":{"rendered":"<p>[et_pb_section fb_built=&#8221;1&#8243; fullwidth=&#8221;on&#8221; _builder_version=&#8221;4.6.5&#8243; _module_preset=&#8221;default&#8221;][et_pb_fullwidth_code _builder_version=&#8221;4.6.5&#8243; _module_preset=&#8221;default&#8221;][rev_slider alias=&#8221;slider-1&#8243;][\/rev_slider][\/et_pb_fullwidth_code][\/et_pb_section][et_pb_section fb_built=&#8221;1&#8243; _builder_version=&#8221;4.6.5&#8243; _module_preset=&#8221;default&#8221;][et_pb_row _builder_version=&#8221;4.6.5&#8243; _module_preset=&#8221;default&#8221;][et_pb_column type=&#8221;4_4&#8243; _builder_version=&#8221;4.6.5&#8243; _module_preset=&#8221;default&#8221;][et_pb_text _builder_version=&#8221;4.6.5&#8243; _module_preset=&#8221;default&#8221;] Administradora Banderas Property Management, se especializa en la administracion de las asociaciones de condominios que ofrecen servicios profesionales completos a las asociaciones de due\u00f1o de una casa. [\/et_pb_text][\/et_pb_column][\/et_pb_row][et_pb_row column_structure=&#8221;1_2,1_2&#8243; _builder_version=&#8221;4.6.5&#8243; _module_preset=&#8221;default&#8221;][et_pb_column type=&#8221;1_2&#8243; _builder_version=&#8221;4.6.5&#8243; _module_preset=&#8221;default&#8221;][et_pb_text _builder_version=&#8221;4.6.5&#8243; _module_preset=&#8221;default&#8221;] Nuestra [&hellip;]<\/p>","protected":false},"author":1,"featured_media":0,"parent":0,"menu_order":0,"comment_status":"closed","ping_status":"closed","template":"","meta":[],"_links":{"self":[{"href":"https:\/\/banderasproperty.com\/es\/wp-json\/wp\/v2\/pages\/326"}],"collection":[{"href":"https:\/\/banderasproperty.com\/es\/wp-json\/wp\/v2\/pages"}],"about":[{"href":"https:\/\/banderasproperty.com\/es\/wp-json\/wp\/v2\/types\/page"}],"author":[{"embeddable":true,"href":"https:\/\/banderasproperty.com\/es\/wp-json\/wp\/v2\/users\/1"}],"replies":[{"embeddable":true,"href":"https:\/\/banderasproperty.com\/es\/wp-json\/wp\/v2\/comments?post=326"}],"version-history":[{"count":8,"href":"https:\/\/banderasproperty.com\/es\/wp-json\/wp\/v2\/pages\/326\/revisions"}],"predecessor-version":[{"id":4132,"href":"https:\/\/banderasproperty.com\/es\/wp-json\/wp\/v2\/pages\/326\/revisions\/4132"}],"wp:attachment":[{"href":"https:\/\/banderasproperty.com\/es\/wp-json\/wp\/v2\/media?parent=326"}],"curies":[{"name":"wp","href":"https:\/\/api.w.org\/{rel}","templated":true}]}}