{"id":3884,"date":"2022-06-01T07:30:33","date_gmt":"2022-06-01T07:30:33","guid":{"rendered":"https:\/\/banderasproperty.com\/?page_id=3884"},"modified":"2022-06-08T14:29:10","modified_gmt":"2022-06-08T14:29:10","slug":"property-management","status":"publish","type":"page","link":"https:\/\/banderasproperty.com\/es\/property-management\/","title":{"rendered":"Administraci\u00f3n de Propiedades"},"content":{"rendered":"<div data-elementor-type=\"wp-page\" data-elementor-id=\"3884\" class=\"elementor elementor-3884\">\n\t\t\t\t\t\t\t\t\t<section class=\"elementor-section elementor-top-section elementor-element elementor-element-69790d2c elementor-section-boxed elementor-section-height-default elementor-section-height-default\" data-id=\"69790d2c\" data-element_type=\"section\">\n\t\t\t\t\t\t<div class=\"elementor-container elementor-column-gap-default\">\n\t\t\t\t\t<div class=\"elementor-column elementor-col-100 elementor-top-column elementor-element elementor-element-6aceff4e\" data-id=\"6aceff4e\" data-element_type=\"column\">\n\t\t\t<div class=\"elementor-widget-wrap elementor-element-populated\">\n\t\t\t\t\t\t\t\t<section class=\"elementor-section elementor-inner-section elementor-element elementor-element-7c978de5 elementor-section-full_width elementor-section-height-default elementor-section-height-default\" data-id=\"7c978de5\" data-element_type=\"section\">\n\t\t\t\t\t\t<div class=\"elementor-container elementor-column-gap-no\">\n\t\t\t\t\t<div class=\"elementor-column elementor-col-100 elementor-inner-column elementor-element elementor-element-319c442e\" data-id=\"319c442e\" data-element_type=\"column\">\n\t\t\t<div class=\"elementor-widget-wrap elementor-element-populated\">\n\t\t\t\t\t\t\t\t<div class=\"elementor-element elementor-element-4f7fc9e0 elementor-widget elementor-widget-hotelft_elementor_service_info\" data-id=\"4f7fc9e0\" data-element_type=\"widget\" data-widget_type=\"hotelft_elementor_service_info.default\">\n\t\t\t\t<div class=\"elementor-widget-container\">\n\t\t\t             \n             \n\t            <div class=\"ova-service-info\">\n\n\t            \t<div class=\"top\">\n\t            \t\t\t\t\t            \t<i class=\"icomoon icomoon-dollar-symbol\"><\/i>\n\t\t\t            \n\t\t\t            \t\t\t\t\t\t\t<h3 class=\"title\">\n\t\t\t\t\t\t\t\tServicios de Administraci\u00f3n de Propiedades para su Condominio o Casa.\t\t\t\t\t\t\t<\/h3>\n\t\t\t\t\t\t\t            \t<\/div>\n\n\t\t\t\t\t\n\t\t\t\t\t\t\t\t\t\n\t\t\t\t\t\n\t\t\t    <\/div>\n\n\t\t   \t\t \t\n\t\t\t\t<\/div>\n\t\t\t\t<\/div>\n\t\t\t\t<div class=\"elementor-element elementor-element-7031b1b elementor-widget elementor-widget-text-editor\" data-id=\"7031b1b\" data-element_type=\"widget\" data-widget_type=\"text-editor.default\">\n\t\t\t\t<div class=\"elementor-widget-container\">\n\t\t\t<style>\/*! elementor - v3.7.6 - 15-09-2022 *\/\n.elementor-widget-text-editor.elementor-drop-cap-view-stacked .elementor-drop-cap{background-color:#818a91;color:#fff}.elementor-widget-text-editor.elementor-drop-cap-view-framed .elementor-drop-cap{color:#818a91;border:3px solid;background-color:transparent}.elementor-widget-text-editor:not(.elementor-drop-cap-view-default) .elementor-drop-cap{margin-top:8px}.elementor-widget-text-editor:not(.elementor-drop-cap-view-default) .elementor-drop-cap-letter{width:1em;height:1em}.elementor-widget-text-editor .elementor-drop-cap{float:left;text-align:center;line-height:1;font-size:50px}.elementor-widget-text-editor .elementor-drop-cap-letter{display:inline-block}<\/style>\t\t\t\t<p style=\"line-height: var(--line-height); margin-bottom: 2em; color: #666666; font-family: Barlow;\">Una casa de vacaciones no deber\u00eda sentirse como un trabajo. No ser\u00edan unas \"vacaciones\" si lo hiciera, \u00bfverdad? Es por eso que nuestro equipo est\u00e1 listo para cuidar su propiedad y cuidar su hogar cuando est\u00e1 aqu\u00ed y cuando no est\u00e1.<\/p><p style=\"line-height: var(--line-height); margin-bottom: 2em; color: #666666; font-family: Barlow;\">Con Banderas Property Worldwide tenemos todos los servicios que necesita. Cont\u00e1ctenos hoy y descubra cu\u00e1l es el mejor servicio para usted.<\/p>\t\t\t\t\t\t<\/div>\n\t\t\t\t<\/div>\n\t\t\t\t<div class=\"elementor-element elementor-element-3e83e7b elementor-widget elementor-widget-spacer\" data-id=\"3e83e7b\" data-element_type=\"widget\" data-widget_type=\"spacer.default\">\n\t\t\t\t<div class=\"elementor-widget-container\">\n\t\t\t<style>\/*! elementor - v3.7.6 - 15-09-2022 *\/\n.elementor-column .elementor-spacer-inner{height:var(--spacer-size)}.e-container{--container-widget-width:100%}.e-container>.elementor-widget-spacer{width:var(--container-widget-width,var(--spacer-size));-ms-flex-item-align:stretch;align-self:stretch;-ms-flex-negative:0;flex-shrink:0}.e-container>.elementor-widget-spacer>.elementor-widget-container,.e-container>.elementor-widget-spacer>.elementor-widget-container>.elementor-spacer{height:100%}.e-container>.elementor-widget-spacer>.elementor-widget-container>.elementor-spacer>.elementor-spacer-inner{height:var(--container-widget-height,var(--spacer-size))}<\/style>\t\t<div class=\"elementor-spacer\">\n\t\t\t<div class=\"elementor-spacer-inner\"><\/div>\n\t\t<\/div>\n\t\t\t\t<\/div>\n\t\t\t\t<\/div>\n\t\t\t\t\t<\/div>\n\t\t<\/div>\n\t\t\t\t\t\t\t<\/div>\n\t\t<\/section>\n\t\t\t\t<section class=\"elementor-section elementor-inner-section elementor-element elementor-element-19456bf0 elementor-section-full_width elementor-section-height-default elementor-section-height-default\" data-id=\"19456bf0\" data-element_type=\"section\">\n\t\t\t\t\t\t<div class=\"elementor-container elementor-column-gap-no\">\n\t\t\t\t\t<div class=\"elementor-column elementor-col-100 elementor-inner-column elementor-element elementor-element-6b100fd6\" data-id=\"6b100fd6\" data-element_type=\"column\">\n\t\t\t<div class=\"elementor-widget-wrap elementor-element-populated\">\n\t\t\t\t\t\t\t\t<div class=\"elementor-element elementor-element-6c60b009 elementor-widget elementor-widget-hotelft_elementor_service_info\" data-id=\"6c60b009\" data-element_type=\"widget\" data-widget_type=\"hotelft_elementor_service_info.default\">\n\t\t\t\t<div class=\"elementor-widget-container\">\n\t\t\t             \n             \n\t            <div class=\"ova-service-info\">\n\n\t            \t<div class=\"top\">\n\t            \t\t\t\t\t            \t<i class=\"iconly iconly-User3 icbo\"><\/i>\n\t\t\t            \n\t\t\t            \t\t\t\t\t\t\t<h3 class=\"title\">\n\t\t\t\t\t\t\t\tNuestros servicios incluyen:\t\t\t\t\t\t\t<\/h3>\n\t\t\t\t\t\t\t            \t<\/div>\n\n\t\t\t\t\t\n\t\t\t\t\t\t\t\t\t\n\t\t\t\t\t\n\t\t\t    <\/div>\n\n\t\t   \t\t \t\n\t\t\t\t<\/div>\n\t\t\t\t<\/div>\n\t\t\t\t<div class=\"elementor-element elementor-element-abcab5d elementor-widget elementor-widget-text-editor\" data-id=\"abcab5d\" data-element_type=\"widget\" data-widget_type=\"text-editor.default\">\n\t\t\t\t<div class=\"elementor-widget-container\">\n\t\t\t\t\t\t\t<ul><li>Pague todas sus facturas mensuales, e.g. cable, gas, electricidad, tarifas de HOA, etc.<\/li><li>Paga el pago anual del impuesto a la propiedad y el fideicomiso bancario anual.<\/li><li>Contratar, supervisar, programar, inspeccionar y pagar al ama de llaves.\u00a0<\/li><li>Riego de plantas incluido.<\/li><li>Inspeccionar, mantener y facilitar el mantenimiento general, las \u00f3rdenes de trabajo y las reparaciones.<\/li><li>Mantenimiento de piscinas y jacuzzis.\u00a0<\/li><li>Inventario y limpieza profunda semestral\u00a0<\/li><li>Servicios de revisi\u00f3n de mantenimiento semestral.<\/li><li>Meet &amp; Greet para aquellos que tienen invitados. \u00a0<\/li><\/ul>\t\t\t\t\t\t<\/div>\n\t\t\t\t<\/div>\n\t\t\t\t<div class=\"elementor-element elementor-element-7101841 elementor-widget elementor-widget-spacer\" data-id=\"7101841\" data-element_type=\"widget\" data-widget_type=\"spacer.default\">\n\t\t\t\t<div class=\"elementor-widget-container\">\n\t\t\t\t\t<div class=\"elementor-spacer\">\n\t\t\t<div class=\"elementor-spacer-inner\"><\/div>\n\t\t<\/div>\n\t\t\t\t<\/div>\n\t\t\t\t<\/div>\n\t\t\t\t\t<\/div>\n\t\t<\/div>\n\t\t\t\t\t\t\t<\/div>\n\t\t<\/section>\n\t\t\t\t<section class=\"elementor-section elementor-inner-section elementor-element elementor-element-74c60ec0 elementor-section-full_width elementor-section-height-default elementor-section-height-default\" data-id=\"74c60ec0\" data-element_type=\"section\">\n\t\t\t\t\t\t<div class=\"elementor-container elementor-column-gap-no\">\n\t\t\t\t\t<div class=\"elementor-column elementor-col-100 elementor-inner-column elementor-element elementor-element-4b569da7\" data-id=\"4b569da7\" data-element_type=\"column\">\n\t\t\t<div class=\"elementor-widget-wrap elementor-element-populated\">\n\t\t\t\t\t\t\t\t<div class=\"elementor-element elementor-element-567b1cc0 elementor-widget elementor-widget-hotelft_elementor_service_info\" data-id=\"567b1cc0\" data-element_type=\"widget\" data-widget_type=\"hotelft_elementor_service_info.default\">\n\t\t\t\t<div class=\"elementor-widget-container\">\n\t\t\t             \n             \n\t            <div class=\"ova-service-info\">\n\n\t            \t<div class=\"top\">\n\t            \t\t\t\t\t            \t<i class=\"icomoon icomoon-manager\"><\/i>\n\t\t\t            \n\t\t\t            \t\t\t\t\t\t\t<h3 class=\"title\">\n\t\t\t\t\t\t\t\tTodos nuestros clientes reciben:\t\t\t\t\t\t\t<\/h3>\n\t\t\t\t\t\t\t            \t<\/div>\n\n\t\t\t\t\t\n\t\t\t\t\t\t\t\t\t\n\t\t\t\t\t\n\t\t\t    <\/div>\n\n\t\t   \t\t \t\n\t\t\t\t<\/div>\n\t\t\t\t<\/div>\n\t\t\t\t<div class=\"elementor-element elementor-element-dcbb013 elementor-widget elementor-widget-text-editor\" data-id=\"dcbb013\" data-element_type=\"widget\" data-widget_type=\"text-editor.default\">\n\t\t\t\t<div class=\"elementor-widget-container\">\n\t\t\t\t\t\t\t<ul><li>Contabilidad completa de todas las transacciones.<\/li><li>Estado de cuenta mensual detallado enviado por correo electr\u00f3nico<\/li><li>Comunicaci\u00f3n continua por correo electr\u00f3nico o tel\u00e9fono.<\/li><li>Pague sus facturas en Canad\u00e1 o EE. UU. mediante transferencia bancaria, cheque, transferencia electr\u00f3nica en Canad\u00e1 o servicio de pago m\u00f3vil en EE. UU.<\/li><li>Todas las facturas son en pesos mexicanos, MXN, y paga en casa en tu moneda y nosotros nos encargamos del resto.<\/li><li>Transacciones seguras y transparentes<\/li><li>Servicios profesionales con una empresa en la que puede confiar.\u00a0<\/li><\/ul>\t\t\t\t\t\t<\/div>\n\t\t\t\t<\/div>\n\t\t\t\t<div class=\"elementor-element elementor-element-8d74ae1 elementor-widget elementor-widget-hotelft_elementor_service_info\" data-id=\"8d74ae1\" data-element_type=\"widget\" data-widget_type=\"hotelft_elementor_service_info.default\">\n\t\t\t\t<div class=\"elementor-widget-container\">\n\t\t\t             \n             \n\t            <div class=\"ova-service-info\">\n\n\t            \t<div class=\"top\">\n\t            \t\t\n\t\t\t            \t            \t<\/div>\n\n\t\t\t\t\t\n\t\t\t\t\t\t\t\t\t\t\t\t\t\t\t\t\t\t<a href=\"https:\/\/banderasproperty.com\/es\/contact\/\" >\n\t\t\t\t\t\t\t\t\t\t\t\t<div class=\"button\">\n\t\t\t\t\t\t\tCont\u00e1ctenos\t\t\t\t\t\t\t<i class=\"ovaicon ovaicon-right-arrow\"><\/i>\n\t\t\t\t\t\t<\/div>\n\t\t\t\t\t\t\t\t\t\t\t\t\t<\/a>\n\t\t\t\t\t\t\t\t\t\t\t\t\t\t\t\n\t\t\t\t\t\n\t\t\t    <\/div>\n\n\t\t   \t\t \t\n\t\t\t\t<\/div>\n\t\t\t\t<\/div>\n\t\t\t\t\t<\/div>\n\t\t<\/div>\n\t\t\t\t\t\t\t<\/div>\n\t\t<\/section>\n\t\t\t\t\t<\/div>\n\t\t<\/div>\n\t\t\t\t\t\t\t<\/div>\n\t\t<\/section>\n\t\t\t\t<section class=\"elementor-section elementor-top-section elementor-element elementor-element-16aac787 elementor-section-boxed elementor-section-height-default elementor-section-height-default\" data-id=\"16aac787\" data-element_type=\"section\" id=\"contact\" data-settings=\"{&quot;background_background&quot;:&quot;classic&quot;}\">\n\t\t\t\t\t\t<div class=\"elementor-container elementor-column-gap-default\">\n\t\t\t\t\t<div class=\"elementor-column elementor-col-100 elementor-top-column elementor-element elementor-element-5681a4a4\" data-id=\"5681a4a4\" data-element_type=\"column\">\n\t\t\t<div class=\"elementor-widget-wrap elementor-element-populated\">\n\t\t\t\t\t\t\t\t<div class=\"elementor-element elementor-element-452d26d4 elementor-widget elementor-widget-hotelft_elementor_heading\" data-id=\"452d26d4\" data-element_type=\"widget\" data-widget_type=\"hotelft_elementor_heading.default\">\n\t\t\t\t<div class=\"elementor-widget-container\">\n\t\t\t\n\t\t \t<div class=\"ova-heading\">\n\t\t \t   <h2 class=\"title\">\t\t\t\t\t\t\t\t\t\t\tDeja tu mensaje\t\t\t\t\t\t\t\t\t<\/h2>\t\t    <\/div>\n\n\t\t\t\t<\/div>\n\t\t\t\t<\/div>\n\t\t\t\t<div class=\"elementor-element elementor-element-50ff508e elementor-widget elementor-widget-text-editor\" data-id=\"50ff508e\" data-element_type=\"widget\" data-widget_type=\"text-editor.default\">\n\t\t\t\t<div class=\"elementor-widget-container\">\n\t\t\t\t\t\t\tCont\u00e1ctenos hoy usando este formulario y nos pondremos en contacto con usted lo antes posible.\t\t\t\t\t\t<\/div>\n\t\t\t\t<\/div>\n\t\t\t\t<div class=\"elementor-element elementor-element-104dc581 elementor-widget elementor-widget-shortcode\" data-id=\"104dc581\" data-element_type=\"widget\" data-widget_type=\"shortcode.default\">\n\t\t\t\t<div class=\"elementor-widget-container\">\n\t\t\t\t\t<div class=\"elementor-shortcode\"><div role=\"form\" class=\"wpcf7\" id=\"wpcf7-f5-o1\" lang=\"en-US\" dir=\"ltr\">\n<div class=\"screen-reader-response\"><p role=\"status\" aria-live=\"polite\" aria-atomic=\"true\"><\/p> <ul><\/ul><\/div>\n<form action=\"\/es\/wp-json\/wp\/v2\/pages\/3884#wpcf7-f5-o1\" method=\"post\" class=\"wpcf7-form init\" novalidate=\"novalidate\" data-status=\"init\" data-trp-original-action=\"\/es\/wp-json\/wp\/v2\/pages\/3884#wpcf7-f5-o1\">\n<div style=\"display: none;\">\n<input type=\"hidden\" name=\"_wpcf7\" value=\"5\" \/>\n<input type=\"hidden\" name=\"_wpcf7_version\" value=\"5.6.3\" \/>\n<input type=\"hidden\" name=\"_wpcf7_locale\" value=\"en_US\" \/>\n<input type=\"hidden\" name=\"_wpcf7_unit_tag\" value=\"wpcf7-f5-o1\" \/>\n<input type=\"hidden\" name=\"_wpcf7_container_post\" value=\"0\" \/>\n<input type=\"hidden\" name=\"_wpcf7_posted_data_hash\" value=\"\" \/>\n<\/div>\n<div class=\"ova-ctfrom7\">\n<div class=\"form-contact\">\n<div class=\"name-info\">\n   <span class=\"wpcf7-form-control-wrap\" data-name=\"first-name\"><input type=\"text\" name=\"first-name\" value=\"\" size=\"40\" class=\"wpcf7-form-control wpcf7-text\" aria-invalid=\"false\" placeholder=\"Primer nombre\" \/><\/span><br \/>\n   <span class=\"wpcf7-form-control-wrap\" data-name=\"last-name\"><input type=\"text\" name=\"last-name\" value=\"\" size=\"40\" class=\"wpcf7-form-control wpcf7-text\" aria-invalid=\"false\" placeholder=\"Apellido\" \/><\/span>\n  <\/div>\n<div class=\"email-phone-info\">\n   <span class=\"wpcf7-form-control-wrap\" data-name=\"your-email\"><input type=\"email\" name=\"your-email\" value=\"\" size=\"40\" class=\"wpcf7-form-control wpcf7-text wpcf7-email wpcf7-validates-as-required wpcf7-validates-as-email\" aria-required=\"true\" aria-invalid=\"false\" placeholder=\"Introduce tu correo electr\u00f3nico\" \/><\/span><br \/>\n   <span class=\"wpcf7-form-control-wrap\" data-name=\"phone\"><input type=\"tel\" name=\"phone\" value=\"\" size=\"40\" class=\"wpcf7-form-control wpcf7-text wpcf7-tel wpcf7-validates-as-tel\" aria-invalid=\"false\" placeholder=\"Ingrese su n\u00famero telef\u00f3nico\" \/><\/span>\n  <\/div>\n<div class=\"message-info\">\n   <span class=\"wpcf7-form-control-wrap\" data-name=\"message\"><textarea name=\"message\" cols=\"40\" rows=\"10\" class=\"wpcf7-form-control wpcf7-textarea\" aria-invalid=\"false\" placeholder=\"Escribe tu mensaje....\"><\/textarea><\/span>\n  <\/div>\n<div class=\"ova-submit\">\n   <input type=\"submit\" value=\"Enviar mensaje\" class=\"wpcf7-form-control has-spinner wpcf7-submit\" \/>\n  <\/div>\n<\/div>\n<\/div>\n<div class=\"wpcf7-response-output\" aria-hidden=\"true\"><\/div><input type=\"hidden\" name=\"trp-form-language\" value=\"es\"\/><\/form><\/div><\/div>\n\t\t\t\t<\/div>\n\t\t\t\t<\/div>\n\t\t\t\t\t<\/div>\n\t\t<\/div>\n\t\t\t\t\t\t\t<\/div>\n\t\t<\/section>\n\t\t\t\t\t\t\t<\/div>","protected":false},"excerpt":{"rendered":"<p>Property Management Services for your Condominium or Home. A vacation home shouldn\u2019t feel like work. Wouldn\u2019t be a \u201cvacation\u201d if it did, right? That\u2019s why our team is ready to take care of your property and to take care of your home when you are here and when you are gone. With Banderas Property Worldwide [&hellip;]<\/p>","protected":false},"author":11,"featured_media":0,"parent":0,"menu_order":0,"comment_status":"closed","ping_status":"closed","template":"elementor_header_footer","meta":[],"_links":{"self":[{"href":"https:\/\/banderasproperty.com\/es\/wp-json\/wp\/v2\/pages\/3884"}],"collection":[{"href":"https:\/\/banderasproperty.com\/es\/wp-json\/wp\/v2\/pages"}],"about":[{"href":"https:\/\/banderasproperty.com\/es\/wp-json\/wp\/v2\/types\/page"}],"author":[{"embeddable":true,"href":"https:\/\/banderasproperty.com\/es\/wp-json\/wp\/v2\/users\/11"}],"replies":[{"embeddable":true,"href":"https:\/\/banderasproperty.com\/es\/wp-json\/wp\/v2\/comments?post=3884"}],"version-history":[{"count":17,"href":"https:\/\/banderasproperty.com\/es\/wp-json\/wp\/v2\/pages\/3884\/revisions"}],"predecessor-version":[{"id":4139,"href":"https:\/\/banderasproperty.com\/es\/wp-json\/wp\/v2\/pages\/3884\/revisions\/4139"}],"wp:attachment":[{"href":"https:\/\/banderasproperty.com\/es\/wp-json\/wp\/v2\/media?parent=3884"}],"curies":[{"name":"wp","href":"https:\/\/api.w.org\/{rel}","templated":true}]}}