{"id":2452,"date":"2022-02-17T08:24:55","date_gmt":"2022-02-17T08:24:55","guid":{"rendered":"https:\/\/banderasproperty.com\/?post_type=product&#038;p=2452"},"modified":"2025-04-11T09:54:22","modified_gmt":"2025-04-11T15:54:22","slug":"family-room","status":"publish","type":"product","link":"https:\/\/banderasproperty.com\/es\/room\/family-room\/","title":{"rendered":"NARVAL 604"},"content":{"rendered":"<p>Our Family Room offers a stunning view of the white sand beach. This room is designed and decorated with modern style and equipped with the most luxurious facilites. Little luxuries include free Wi-Fi, deluxe bath amenities and a 4K technology flat-screen television with cable channels.<\/p>","protected":false},"excerpt":{"rendered":"<p>Puede disfrutar del acceso a su propio balc\u00f3n privado, la habitaci\u00f3n est\u00e1 equipada con los equipos m\u00e1s modernos y lujosos para brindarle el momento m\u00e1s maravilloso.<\/p>","protected":false},"featured_media":4589,"comment_status":"open","ping_status":"closed","template":"","meta":[],"product_cat":[71],"product_tag":[],"_links":{"self":[{"href":"https:\/\/banderasproperty.com\/es\/wp-json\/wp\/v2\/product\/2452"}],"collection":[{"href":"https:\/\/banderasproperty.com\/es\/wp-json\/wp\/v2\/product"}],"about":[{"href":"https:\/\/banderasproperty.com\/es\/wp-json\/wp\/v2\/types\/product"}],"replies":[{"embeddable":true,"href":"https:\/\/banderasproperty.com\/es\/wp-json\/wp\/v2\/comments?post=2452"}],"wp:featuredmedia":[{"embeddable":true,"href":"https:\/\/banderasproperty.com\/es\/wp-json\/wp\/v2\/media\/4589"}],"wp:attachment":[{"href":"https:\/\/banderasproperty.com\/es\/wp-json\/wp\/v2\/media?parent=2452"}],"wp:term":[{"taxonomy":"product_cat","embeddable":true,"href":"https:\/\/banderasproperty.com\/es\/wp-json\/wp\/v2\/product_cat?post=2452"},{"taxonomy":"product_tag","embeddable":true,"href":"https:\/\/banderasproperty.com\/es\/wp-json\/wp\/v2\/product_tag?post=2452"}],"curies":[{"name":"wp","href":"https:\/\/api.w.org\/{rel}","templated":true}]}}