{"id":2875,"date":"2022-02-22T04:40:54","date_gmt":"2022-02-22T04:40:54","guid":{"rendered":"https:\/\/banderasproperty.com\/?post_type=product&#038;p=2875"},"modified":"2023-04-20T11:50:31","modified_gmt":"2023-04-20T17:50:31","slug":"narval704","status":"publish","type":"product","link":"https:\/\/banderasproperty.com\/es\/room\/narval704\/","title":{"rendered":"Narval 704"},"content":{"rendered":"<p>A space facing the Pacific Ocean, in a complex with everything you need to make your vacation perfect. High quality amenities and unique features. We are sure that you will enjoy it so much that you will not want to leave.<\/p>","protected":false},"excerpt":{"rendered":"<p>Puede disfrutar del acceso a su propio balc\u00f3n privado, la habitaci\u00f3n est\u00e1 equipada con los equipos m\u00e1s modernos y lujosos para brindarle el momento m\u00e1s maravilloso.<\/p>","protected":false},"featured_media":4518,"comment_status":"open","ping_status":"closed","template":"","meta":[],"product_cat":[71],"product_tag":[],"_links":{"self":[{"href":"https:\/\/banderasproperty.com\/es\/wp-json\/wp\/v2\/product\/2875"}],"collection":[{"href":"https:\/\/banderasproperty.com\/es\/wp-json\/wp\/v2\/product"}],"about":[{"href":"https:\/\/banderasproperty.com\/es\/wp-json\/wp\/v2\/types\/product"}],"replies":[{"embeddable":true,"href":"https:\/\/banderasproperty.com\/es\/wp-json\/wp\/v2\/comments?post=2875"}],"wp:featuredmedia":[{"embeddable":true,"href":"https:\/\/banderasproperty.com\/es\/wp-json\/wp\/v2\/media\/4518"}],"wp:attachment":[{"href":"https:\/\/banderasproperty.com\/es\/wp-json\/wp\/v2\/media?parent=2875"}],"wp:term":[{"taxonomy":"product_cat","embeddable":true,"href":"https:\/\/banderasproperty.com\/es\/wp-json\/wp\/v2\/product_cat?post=2875"},{"taxonomy":"product_tag","embeddable":true,"href":"https:\/\/banderasproperty.com\/es\/wp-json\/wp\/v2\/product_tag?post=2875"}],"curies":[{"name":"wp","href":"https:\/\/api.w.org\/{rel}","templated":true}]}}