{"id":2878,"date":"2022-02-22T04:45:42","date_gmt":"2022-02-22T04:45:42","guid":{"rendered":"https:\/\/banderasproperty.com\/?post_type=product&#038;p=2878"},"modified":"2023-04-20T11:50:24","modified_gmt":"2023-04-20T17:50:24","slug":"narval-804","status":"publish","type":"product","link":"https:\/\/banderasproperty.com\/es\/room\/narval-804\/","title":{"rendered":"Narval 804"},"content":{"rendered":"<p>Narval Condominium a complex in the best area of \u200b\u200bBucerias, the beach at your feet, the sunset on your balcony and a relaxing atmosphere is what you will have in this space.<\/p>","protected":false},"excerpt":{"rendered":"<p>En este departamento tendr\u00e1s todo lo necesario para disfrutar de unas vacaciones \u00fanicas. Estamos seguros que lo \u00fanico que har\u00e1s es regresar a este lugar.<\/p>","protected":false},"featured_media":4478,"comment_status":"open","ping_status":"closed","template":"","meta":[],"product_cat":[71],"product_tag":[],"_links":{"self":[{"href":"https:\/\/banderasproperty.com\/es\/wp-json\/wp\/v2\/product\/2878"}],"collection":[{"href":"https:\/\/banderasproperty.com\/es\/wp-json\/wp\/v2\/product"}],"about":[{"href":"https:\/\/banderasproperty.com\/es\/wp-json\/wp\/v2\/types\/product"}],"replies":[{"embeddable":true,"href":"https:\/\/banderasproperty.com\/es\/wp-json\/wp\/v2\/comments?post=2878"}],"wp:featuredmedia":[{"embeddable":true,"href":"https:\/\/banderasproperty.com\/es\/wp-json\/wp\/v2\/media\/4478"}],"wp:attachment":[{"href":"https:\/\/banderasproperty.com\/es\/wp-json\/wp\/v2\/media?parent=2878"}],"wp:term":[{"taxonomy":"product_cat","embeddable":true,"href":"https:\/\/banderasproperty.com\/es\/wp-json\/wp\/v2\/product_cat?post=2878"},{"taxonomy":"product_tag","embeddable":true,"href":"https:\/\/banderasproperty.com\/es\/wp-json\/wp\/v2\/product_tag?post=2878"}],"curies":[{"name":"wp","href":"https:\/\/api.w.org\/{rel}","templated":true}]}}